{"id":1262,"date":"2025-01-03T17:42:56","date_gmt":"2025-01-03T20:42:56","guid":{"rendered":"http:\/\/sinprocan.org.br\/?page_id=1262"},"modified":"2025-10-17T14:04:45","modified_gmt":"2025-10-17T17:04:45","slug":"convenios","status":"publish","type":"page","link":"https:\/\/sinprocan.org.br\/?page_id=1262","title":{"rendered":"Conv\u00eanios"},"content":{"rendered":"<div data-colibri-id=\"1262-c1\" class=\"style-333 style-local-1262-c1 position-relative\">\n  <!---->\n  <div data-colibri-component=\"section\" data-colibri-id=\"1262-c2\" id=\"initial-content\" class=\"h-section h-section-global-spacing d-flex align-items-lg-center align-items-md-center align-items-center style-334 style-local-1262-c2 position-relative\">\n    <!---->\n    <!---->\n    <div class=\"h-section-grid-container h-section-boxed-container\">\n      <!---->\n      <div data-colibri-id=\"1262-c3\" class=\"h-row-container gutters-row-lg-2 gutters-row-md-2 gutters-row-0 gutters-row-v-lg-2 gutters-row-v-md-2 gutters-row-v-2 style-349 style-local-1262-c3 position-relative\">\n        <!---->\n        <div class=\"h-row justify-content-lg-center justify-content-md-center justify-content-center align-items-lg-stretch align-items-md-stretch align-items-stretch gutters-col-lg-2 gutters-col-md-2 gutters-col-0 gutters-col-v-lg-2 gutters-col-v-md-2 gutters-col-v-2\">\n          <!---->\n          <div class=\"h-column h-column-container d-flex h-col-lg-auto h-col-md-auto h-col-auto style-350-outer style-local-1262-c4-outer\">\n            <div data-colibri-id=\"1262-c4\" class=\"d-flex h-flex-basis h-column__inner h-px-lg-2 h-px-md-2 h-px-2 v-inner-lg-2 v-inner-md-2 v-inner-2 style-350 style-local-1262-c4 position-relative\">\n              <!---->\n              <!---->\n              <div class=\"w-100 h-y-container h-column__content h-column__v-align flex-basis-100 align-self-lg-start align-self-md-start align-self-start\">\n                <!---->\n                <div data-colibri-id=\"1262-c5\" class=\"h-text h-text-component style-351 style-local-1262-c5 position-relative h-element\">\n                  <!---->\n                  <!---->\n                  <div class=\"\">\n                    <h3>Benef\u00edcios exclusivos para voc\u00ea!<\/h3>\n                    <p>No SINPROCAN, valorizamos cada profissional em educa\u00e7\u00e3o e buscamos constantemente maneiras de tornar sua vida mais pr\u00e1tica, acess\u00edvel e cheia de vantagens. \u00c9 por isso que firmamos conv\u00eanios com parceiros selecionados, oferecendo benef\u00edcios\n                      exclusivos que abrangem diversas \u00e1reas do seu dia a dia, como sa\u00fade, educa\u00e7\u00e3o, lazer, cultura e servi\u00e7os. Essas parcerias foram pensadas para proporcionar condi\u00e7\u00f5es especiais, descontos e facilidades que agreguem valor \u00e0 sua rotina,\n                      cuidando de voc\u00ea dentro e fora da sala de aula. Os conv\u00eanios do SINPROCAN s\u00e3o uma extens\u00e3o do nosso compromisso com o bem-estar e a valoriza\u00e7\u00e3o de nossos associados.<\/p>\n                    <p>Confira as op\u00e7\u00f5es dispon\u00edveis e aproveite tudo o que preparamos especialmente para voc\u00ea!<\/p>\n                  <\/div>\n                <\/div>\n              <\/div>\n            <\/div>\n          <\/div>\n        <\/div>\n      <\/div>\n    <\/div>\n  <\/div>\n  <div data-colibri-component=\"section\" data-colibri-id=\"1262-c6\" id=\"about\" class=\"h-section h-section-global-spacing d-flex align-items-lg-center align-items-md-center align-items-center style-338 style-local-1262-c6 position-relative\">\n    <!---->\n    <!---->\n    <div class=\"h-section-grid-container h-section-boxed-container\">\n      <!---->\n      <div data-colibri-id=\"1262-c7\" class=\"h-row-container gutters-row-lg-0 gutters-row-md-0 gutters-row-0 gutters-row-v-lg-0 gutters-row-v-md-0 gutters-row-v-0 style-339 style-local-1262-c7 position-relative\">\n        <!---->\n        <div class=\"h-row justify-content-lg-center justify-content-md-center justify-content-center align-items-lg-stretch align-items-md-stretch align-items-stretch gutters-col-lg-0 gutters-col-md-0 gutters-col-0 gutters-col-v-lg-0 gutters-col-v-md-0 gutters-col-v-0\">\n          <!---->\n          <div class=\"h-column h-column-container d-flex h-col-lg-auto h-col-md-auto h-col-auto style-340-outer style-local-1262-c8-outer\">\n            <div data-colibri-id=\"1262-c8\" class=\"d-flex h-flex-basis h-column__inner h-px-lg-0 h-px-md-0 h-px-0 v-inner-lg-0 v-inner-md-0 v-inner-0 style-340 style-local-1262-c8 position-relative\">\n              <!---->\n              <!---->\n              <div class=\"w-100 h-y-container h-column__content h-column__v-align flex-basis-100 align-self-lg-start align-self-md-start align-self-start\">\n                <!---->\n                <div data-colibri-id=\"1262-c9\" class=\"h-global-transition-all h-heading style-341 style-local-1262-c9 position-relative h-element\">\n                  <!---->\n                  <div class=\"h-heading__outer style-341 style-local-1262-c9\">\n                    <!---->\n                    <!---->\n                    <h1 class=\"\">YANANTIN<\/h1>\n                  <\/div>\n                <\/div>\n                <div data-colibri-id=\"1262-c10\" class=\"h-global-transition-all h-heading style-342 style-local-1262-c10 position-relative h-element\">\n                  <!---->\n                  <div class=\"h-heading__outer style-342 style-local-1262-c10\">\n                    <!---->\n                    <!---->\n                    <h3 class=\"\">pr\u00e1ticas hol\u00edsticas, integrativas e complementares em sa\u00fade<\/h3>\n                  <\/div>\n                <\/div>\n                <div data-colibri-id=\"1262-c11\" class=\"h-text h-text-component style-343 style-local-1262-c11 position-relative h-element\">\n                  <!---->\n                  <!---->\n                  <div class=\"\">\n                    <p>\n                      <a href=\"https:\/\/www.google.com\/search?sca_esv=ace47463fdba11b8&amp;sxsrf=ADLYWIKBkdXMiXGmzjMEQMEOHKdGGrXZ_g%3A1735936134699&amp;q=yanantin%2Bcanoas%2Bendere%C3%A7o&amp;ludocid=9656069087062260399&amp;sa=X&amp;ved=2ahUKEwiOjqWFstqKAxVYB7kGHVK0FTgQ6BN6BAg8EAI\"\n                        style=\"font-weight: 700; color: var(--COEmY);\" class=\"customize-unpreviewable\"><strong>Endere\u00e7o<\/strong><\/a><strong style=\"font-weight: 700; color: var(--YLNNHc);\">:&nbsp;<\/strong><span style=\"color: var(--bbQxAb);\">R. Tiradentes, 130, Sala 806 &#8211; Centro, Canoas<\/span>\n                      <a href=\"https:\/\/www.google.com\/search?sca_esv=ace47463fdba11b8&amp;sxsrf=ADLYWIKBkdXMiXGmzjMEQMEOHKdGGrXZ_g%3A1735936134699&amp;q=yanantin%2Bcanoas%2Btelefone&amp;ludocid=9656069087062260399&amp;sa=X&amp;ved=2ahUKEwiOjqWFstqKAxVYB7kGHVK0FTgQ6BN6BAg_EAI\"\n                        style=\"font-weight: 700; color: var(--COEmY);\" class=\"customize-unpreviewable\"><strong><br>Telefone<\/strong><\/a><strong style=\"font-weight: 700; color: var(--YLNNHc);\">:&nbsp;<\/strong>\n                      <a href=\"https:\/\/www.google.com\/search?q=yanantin%2Bcanoas&amp;sca_esv=ace47463fdba11b8&amp;sxsrf=ADLYWIJypmJa2rg6sla_rTGEmQHmTNKryA%3A1735936122540&amp;ei=ekh4Z4fXIMTM5OUPsJ-z2Aw&amp;ved=0ahUKEwiH_L7_sdqKAxVEJrkGHbDPDMsQ4dUDCBA&amp;uact=5&amp;oq=yanantin%2Bcanoas&amp;gs_lp=Egxnd3Mtd2l6LXNlcnAiD3lhbmFudGluIGNhbm9hczICECYyCBAAGIAEGKIEMgUQABjvBTIFEAAY7wUyCBAAGIAEGKIEMggQABiABBiiBEiWElCQAVieEXABeACQAQCYAaIBoAH8BqoBAzAuNrgBA8gBAPgBAZgCB6ACiwfCAg0QABiABBiwAxhDGIoFwgIJEAAYsAMYBxgewgIIEAAYgAQYsAPCAgcQABiwAxgewgIHEAAYgAQYE8ICBhAAGBMYHsICBhAAGBYYHpgDAIgGAZAGCpIHAzEuNqAH3hw&amp;sclient=gws-wiz-serp\"\n                        style=\"color: var(--JKqx2);\" class=\"customize-unpreviewable\">(51) 98448-4117<\/a>\n                      <a href=\"https:\/\/www.google.com\/search?sca_esv=ace47463fdba11b8&amp;sxsrf=ADLYWIKBkdXMiXGmzjMEQMEOHKdGGrXZ_g%3A1735936134699&amp;q=yanantin%2Bcanoas%2Bhor%C3%A1rio&amp;ludocid=9656069087062260399&amp;sa=X&amp;ved=2ahUKEwiOjqWFstqKAxVYB7kGHVK0FTgQ6BN6BAg-EAI\"\n                        style=\"font-weight: 700; color: var(--COEmY);\" class=\"customize-unpreviewable\"><strong><br><\/strong><\/a>\n                    <\/p>\n                  <\/div>\n                <\/div>\n              <\/div>\n            <\/div>\n          <\/div>\n          <div class=\"h-column h-column-container d-flex h-col-lg-auto h-col-md-auto h-col-auto style-344-outer style-local-1262-c12-outer\">\n            <div data-colibri-id=\"1262-c12\" class=\"d-flex h-flex-basis h-column__inner h-ui-empty-state-container h-px-lg-2 h-px-md-2 h-px-2 v-inner-lg-2 v-inner-md-2 v-inner-2 style-344 style-local-1262-c12 position-relative\">\n              <!---->\n              <!---->\n              <div class=\"w-100 h-y-container h-column__content h-column__v-align flex-basis-100\">\n                <!---->\n              <\/div>\n            <\/div>\n          <\/div>\n        <\/div>\n      <\/div>\n    <\/div>\n  <\/div>\n  <div data-colibri-component=\"section\" data-colibri-id=\"1262-c13\" id=\"about-2\" class=\"h-section h-section-global-spacing d-flex align-items-lg-center align-items-md-center align-items-center style-352 style-local-1262-c13 position-relative\">\n    <!---->\n    <!---->\n    <div class=\"h-section-grid-container h-section-boxed-container\">\n      <!---->\n      <div data-colibri-id=\"1262-c14\" class=\"h-row-container gutters-row-lg-0 gutters-row-md-0 gutters-row-0 gutters-row-v-lg-0 gutters-row-v-md-0 gutters-row-v-0 style-353 style-local-1262-c14 position-relative\">\n        <!---->\n        <div class=\"h-row justify-content-lg-center justify-content-md-center justify-content-center align-items-lg-stretch align-items-md-stretch align-items-stretch gutters-col-lg-0 gutters-col-md-0 gutters-col-0 gutters-col-v-lg-0 gutters-col-v-md-0 gutters-col-v-0\">\n          <!---->\n          <div class=\"h-column h-column-container d-flex h-col-lg-auto h-col-md-auto h-col-auto style-354-outer style-local-1262-c15-outer\">\n            <div data-colibri-id=\"1262-c15\" class=\"d-flex h-flex-basis h-column__inner h-px-lg-0 h-px-md-0 h-px-0 v-inner-lg-0 v-inner-md-0 v-inner-0 style-354 style-local-1262-c15 position-relative\">\n              <!---->\n              <!---->\n              <div class=\"w-100 h-y-container h-column__content h-column__v-align flex-basis-100 align-self-lg-start align-self-md-start align-self-start\">\n                <!---->\n                <div data-colibri-id=\"1262-c16\" class=\"h-global-transition-all h-heading style-355 style-local-1262-c16 position-relative h-element\">\n                  <!---->\n                  <div class=\"h-heading__outer style-355 style-local-1262-c16\">\n                    <!---->\n                    <!---->\n                    <h1 class=\"\">Fl\u00e1vio da Silva<\/h1>\n                  <\/div>\n                <\/div>\n                <div data-colibri-id=\"1262-c17\" class=\"h-global-transition-all h-heading style-356 style-local-1262-c17 position-relative h-element\">\n                  <!---->\n                  <div class=\"h-heading__outer style-356 style-local-1262-c17\">\n                    <!---->\n                    <!---->\n                    <h3 class=\"\">Fisioterapia\n                      <br>Pilates<\/h3>\n                  <\/div>\n                <\/div>\n                <div data-colibri-id=\"1262-c18\" class=\"h-text h-text-component style-357 style-local-1262-c18 position-relative h-element\">\n                  <!---->\n                  <!---->\n                  <div class=\"\">\n                    <p>\n                      <a href=\"https:\/\/www.google.com\/search?sca_esv=ace47463fdba11b8&amp;sxsrf=ADLYWIKBkdXMiXGmzjMEQMEOHKdGGrXZ_g%3A1735936134699&amp;q=yanantin%2Bcanoas%2Btelefone&amp;ludocid=9656069087062260399&amp;sa=X&amp;ved=2ahUKEwiOjqWFstqKAxVYB7kGHVK0FTgQ6BN6BAg_EAI\"\n                        style=\"color: rgb(48, 62, 122); font-size: 16px; font-weight: 700; font-family: &quot;Open Sans&quot;;\" class=\"customize-unpreviewable\"><strong>Telefone:<\/strong><\/a> (51) 99253-0237\n                      <br>Atendimento em domic\u00edlio.<\/p>\n                  <\/div>\n                <\/div>\n              <\/div>\n            <\/div>\n          <\/div>\n          <div class=\"h-column h-column-container d-flex h-col-lg-auto h-col-md-auto h-col-auto style-358-outer style-local-1262-c19-outer\">\n            <div data-colibri-id=\"1262-c19\" class=\"d-flex h-flex-basis h-column__inner h-ui-empty-state-container h-px-lg-2 h-px-md-2 h-px-2 v-inner-lg-2 v-inner-md-2 v-inner-2 style-358 style-local-1262-c19 position-relative\">\n              <!---->\n              <!---->\n              <div class=\"w-100 h-y-container h-column__content h-column__v-align flex-basis-100\">\n                <!---->\n              <\/div>\n            <\/div>\n          <\/div>\n        <\/div>\n      <\/div>\n    <\/div>\n  <\/div>\n  <div data-colibri-component=\"section\" data-colibri-id=\"1262-c20\" id=\"about-3\" class=\"h-section h-section-global-spacing d-flex align-items-lg-center align-items-md-center align-items-center style-359 style-local-1262-c20 position-relative\">\n    <!---->\n    <!---->\n    <div class=\"h-section-grid-container h-section-boxed-container\">\n      <!---->\n      <div data-colibri-id=\"1262-c21\" class=\"h-row-container gutters-row-lg-0 gutters-row-md-0 gutters-row-0 gutters-row-v-lg-0 gutters-row-v-md-0 gutters-row-v-0 style-360 style-local-1262-c21 position-relative\">\n        <!---->\n        <div class=\"h-row justify-content-lg-center justify-content-md-center justify-content-center align-items-lg-stretch align-items-md-stretch align-items-stretch gutters-col-lg-0 gutters-col-md-0 gutters-col-0 gutters-col-v-lg-0 gutters-col-v-md-0 gutters-col-v-0\">\n          <!---->\n          <div class=\"h-column h-column-container d-flex h-col-lg-auto h-col-md-auto h-col-auto style-361-outer style-local-1262-c22-outer\">\n            <div data-colibri-id=\"1262-c22\" class=\"d-flex h-flex-basis h-column__inner h-ui-empty-state-container h-px-lg-0 h-px-md-0 h-px-0 v-inner-lg-0 v-inner-md-0 v-inner-0 style-361 style-local-1262-c22 position-relative\">\n              <!---->\n              <!---->\n              <div class=\"w-100 h-y-container h-column__content h-column__v-align flex-basis-100\">\n                <!---->\n              <\/div>\n            <\/div>\n          <\/div>\n          <div class=\"h-column h-column-container d-flex h-col-lg-auto h-col-md-auto h-col-auto style-362-outer style-local-1262-c23-outer\">\n            <div data-colibri-id=\"1262-c23\" class=\"d-flex h-flex-basis h-column__inner h-px-lg-2 h-px-md-2 h-px-2 v-inner-lg-2 v-inner-md-2 v-inner-2 style-362 style-local-1262-c23 position-relative\">\n              <!---->\n              <!---->\n              <div class=\"w-100 h-y-container h-column__content h-column__v-align flex-basis-100 align-self-lg-start align-self-md-start align-self-start\">\n                <!---->\n                <div data-colibri-id=\"1262-c24\" class=\"h-global-transition-all h-heading style-363 style-local-1262-c24 position-relative h-element\">\n                  <!---->\n                  <div class=\"h-heading__outer style-363 style-local-1262-c24\">\n                    <!---->\n                    <!---->\n                    <h1 class=\"\">Usadilly<\/h1>\n                  <\/div>\n                <\/div>\n                <div data-colibri-id=\"1262-c25\" class=\"h-global-transition-all h-heading style-364 style-local-1262-c25 position-relative h-element\">\n                  <!---->\n                  <div class=\"h-heading__outer style-364 style-local-1262-c25\">\n                    <!---->\n                    <!---->\n                    <h3 class=\"\">Oferta exclusiva para a loja<\/h3>\n                  <\/div>\n                <\/div>\n                <div data-colibri-id=\"1262-c26\" class=\"h-text h-text-component style-365 style-local-1262-c26 position-relative h-element\">\n                  <!---->\n                  <!---->\n                  <div class=\"\">\n                    <p>\n                      <a href=\"https:\/\/www.google.com\/search?sca_esv=ace47463fdba11b8&amp;sxsrf=ADLYWIKBkdXMiXGmzjMEQMEOHKdGGrXZ_g%3A1735936134699&amp;q=yanantin%2Bcanoas%2Btelefone&amp;ludocid=9656069087062260399&amp;sa=X&amp;ved=2ahUKEwiOjqWFstqKAxVYB7kGHVK0FTgQ6BN6BAg_EAI\"\n                        style=\"color: rgb(48, 62, 122); font-size: 16px; font-weight: 700; font-family: &quot;Open Sans&quot;;\" class=\"customize-unpreviewable\"><strong>Endere\u00e7o<\/strong><\/a>: Rua 15 de Janeiro, 340, no Centro de Canoas<\/p>\n                    <p>\n                      <a href=\"https:\/\/www.google.com\/search?sca_esv=ace47463fdba11b8&amp;sxsrf=ADLYWIKBkdXMiXGmzjMEQMEOHKdGGrXZ_g%3A1735936134699&amp;q=yanantin%2Bcanoas%2Btelefone&amp;ludocid=9656069087062260399&amp;sa=X&amp;ved=2ahUKEwiOjqWFstqKAxVYB7kGHVK0FTgQ6BN6BAg_EAI\"\n                        style=\"color: rgb(48, 62, 122); font-size: 16px; font-weight: 700; font-family: &quot;Open Sans&quot;;\" class=\"customize-unpreviewable\"><strong>Telefone:<\/strong><\/a>&nbsp;(51) 3785-2909<\/p>\n                  <\/div>\n                <\/div>\n              <\/div>\n            <\/div>\n          <\/div>\n        <\/div>\n      <\/div>\n    <\/div>\n  <\/div>\n  <div data-colibri-component=\"section\" data-colibri-id=\"1262-c27\" id=\"about-4\" class=\"h-section h-section-global-spacing d-flex align-items-lg-center align-items-md-center align-items-center style-366 style-local-1262-c27 position-relative\">\n    <!---->\n    <!---->\n    <div class=\"h-section-grid-container h-section-boxed-container\">\n      <!---->\n      <div data-colibri-id=\"1262-c28\" class=\"h-row-container gutters-row-lg-0 gutters-row-md-0 gutters-row-0 gutters-row-v-lg-0 gutters-row-v-md-0 gutters-row-v-0 style-367 style-local-1262-c28 position-relative\">\n        <!---->\n        <div class=\"h-row justify-content-lg-center justify-content-md-center justify-content-center align-items-lg-stretch align-items-md-stretch align-items-stretch gutters-col-lg-0 gutters-col-md-0 gutters-col-0 gutters-col-v-lg-0 gutters-col-v-md-0 gutters-col-v-0\">\n          <!---->\n          <div class=\"h-column h-column-container d-flex h-col-lg-auto h-col-md-auto h-col-auto style-368-outer style-local-1262-c29-outer\">\n            <div data-colibri-id=\"1262-c29\" class=\"d-flex h-flex-basis h-column__inner h-px-lg-0 h-px-md-0 h-px-0 v-inner-lg-0 v-inner-md-0 v-inner-0 style-368 style-local-1262-c29 position-relative\">\n              <!---->\n              <!---->\n              <div class=\"w-100 h-y-container h-column__content h-column__v-align flex-basis-100 align-self-lg-start align-self-md-start align-self-start\">\n                <!---->\n                <div data-colibri-id=\"1262-c30\" class=\"h-global-transition-all h-heading style-369 style-local-1262-c30 position-relative h-element\">\n                  <!---->\n                  <div class=\"h-heading__outer style-369 style-local-1262-c30\">\n                    <!---->\n                    <!---->\n                    <h1 class=\"\">Piccadilly<\/h1>\n                  <\/div>\n                <\/div>\n                <div data-colibri-id=\"1262-c31\" class=\"h-global-transition-all h-heading style-370 style-local-1262-c31 position-relative h-element\">\n                  <!---->\n                  <div class=\"h-heading__outer style-370 style-local-1262-c31\">\n                    <!---->\n                    <!---->\n                    <h3 class=\"\">Oferta exclusiva para a loja<\/h3>\n                  <\/div>\n                <\/div>\n                <div data-colibri-id=\"1262-c32\" class=\"h-text h-text-component style-371 style-local-1262-c32 position-relative h-element\">\n                  <!---->\n                  <!---->\n                  <div class=\"\">\n                    <p>\n                      <a href=\"https:\/\/www.google.com\/search?sca_esv=ace47463fdba11b8&amp;sxsrf=ADLYWIKBkdXMiXGmzjMEQMEOHKdGGrXZ_g%3A1735936134699&amp;q=yanantin%2Bcanoas%2Btelefone&amp;ludocid=9656069087062260399&amp;sa=X&amp;ved=2ahUKEwiOjqWFstqKAxVYB7kGHVK0FTgQ6BN6BAg_EAI\"\n                        style=\"color: rgb(48, 62, 122); font-size: 16px; font-weight: 700; font-family: &quot;Open Sans&quot;;\" class=\"customize-unpreviewable\"><strong>Endere\u00e7o<\/strong><\/a>: Rua Fioravante Milan\u00eas, 58, sala 03, no Centro de Canoas<\/p>\n                    <p>\n                      <a href=\"https:\/\/www.google.com\/search?sca_esv=ace47463fdba11b8&amp;sxsrf=ADLYWIKBkdXMiXGmzjMEQMEOHKdGGrXZ_g%3A1735936134699&amp;q=yanantin%2Bcanoas%2Btelefone&amp;ludocid=9656069087062260399&amp;sa=X&amp;ved=2ahUKEwiOjqWFstqKAxVYB7kGHVK0FTgQ6BN6BAg_EAI\"\n                        style=\"color: rgb(48, 62, 122); font-size: 16px; font-weight: 700; font-family: &quot;Open Sans&quot;;\" class=\"customize-unpreviewable\"><strong>Telefone:<\/strong><\/a> (51) 9636-7707<\/p>\n                  <\/div>\n                <\/div>\n              <\/div>\n            <\/div>\n          <\/div>\n          <div class=\"h-column h-column-container d-flex h-col-lg-auto h-col-md-auto h-col-auto style-372-outer style-local-1262-c33-outer\">\n            <div data-colibri-id=\"1262-c33\" class=\"d-flex h-flex-basis h-column__inner h-ui-empty-state-container h-px-lg-2 h-px-md-2 h-px-2 v-inner-lg-2 v-inner-md-2 v-inner-2 style-372 style-local-1262-c33 position-relative\">\n              <!---->\n              <!---->\n              <div class=\"w-100 h-y-container h-column__content h-column__v-align flex-basis-100\">\n                <!---->\n              <\/div>\n            <\/div>\n          <\/div>\n        <\/div>\n      <\/div>\n    <\/div>\n  <\/div>\n  <div data-colibri-component=\"section\" data-colibri-id=\"1262-c34\" id=\"about-5\" class=\"h-section h-section-global-spacing d-flex align-items-lg-center align-items-md-center align-items-center style-373 style-local-1262-c34 position-relative\">\n    <!---->\n    <!---->\n    <div class=\"h-section-grid-container h-section-boxed-container\">\n      <!---->\n      <div data-colibri-id=\"1262-c35\" class=\"h-row-container gutters-row-lg-0 gutters-row-md-0 gutters-row-0 gutters-row-v-lg-0 gutters-row-v-md-0 gutters-row-v-0 style-374 style-local-1262-c35 position-relative\">\n        <!---->\n        <div class=\"h-row justify-content-lg-center justify-content-md-center justify-content-center align-items-lg-stretch align-items-md-stretch align-items-stretch gutters-col-lg-0 gutters-col-md-0 gutters-col-0 gutters-col-v-lg-0 gutters-col-v-md-0 gutters-col-v-0\">\n          <!---->\n          <div class=\"h-column h-column-container d-flex h-col-lg-auto h-col-md-auto h-col-auto style-375-outer style-local-1262-c36-outer\">\n            <div data-colibri-id=\"1262-c36\" class=\"d-flex h-flex-basis h-column__inner h-ui-empty-state-container h-px-lg-0 h-px-md-0 h-px-0 v-inner-lg-0 v-inner-md-0 v-inner-0 style-375 style-local-1262-c36 position-relative\">\n              <!---->\n              <!---->\n              <div class=\"w-100 h-y-container h-column__content h-column__v-align flex-basis-100\">\n                <!---->\n              <\/div>\n            <\/div>\n          <\/div>\n          <div class=\"h-column h-column-container d-flex h-col-lg-auto h-col-md-auto h-col-auto style-376-outer style-local-1262-c37-outer\">\n            <div data-colibri-id=\"1262-c37\" class=\"d-flex h-flex-basis h-column__inner h-px-lg-2 h-px-md-2 h-px-2 v-inner-lg-2 v-inner-md-2 v-inner-2 style-376 style-local-1262-c37 position-relative\">\n              <!---->\n              <!---->\n              <div class=\"w-100 h-y-container h-column__content h-column__v-align flex-basis-100 align-self-lg-start align-self-md-start align-self-start\">\n                <!---->\n                <div data-colibri-id=\"1262-c38\" class=\"h-global-transition-all h-heading style-378 style-local-1262-c38 position-relative h-element\">\n                  <!---->\n                  <div class=\"h-heading__outer style-378 style-local-1262-c38\">\n                    <!---->\n                    <!---->\n                    <h1 class=\"\">Panvel Farm\u00e1cias<\/h1>\n                  <\/div>\n                <\/div>\n                <div data-colibri-id=\"1262-c39\" class=\"h-text h-text-component style-379 style-local-1262-c39 position-relative h-element\">\n                  <!---->\n                  <!---->\n                  <div class=\"\">\n                    <p>Professores cadastrados ter\u00e3o desconto de at\u00e9 50% em vacinas e medicamentos em toda rede Panvel<\/p>\n                  <\/div>\n                <\/div>\n              <\/div>\n            <\/div>\n          <\/div>\n        <\/div>\n      <\/div>\n    <\/div>\n  <\/div>\n<\/div>","protected":false},"excerpt":{"rendered":"<p>Benef\u00edcios exclusivos para voc\u00ea! No SINPROCAN, valorizamos cada profissional em educa\u00e7\u00e3o e buscamos constantemente maneiras de tornar sua vida mais pr\u00e1tica, acess\u00edvel e cheia de vantagens. \u00c9 por isso que firmamos conv\u00eanios com parceiros selecionados, oferecendo benef\u00edcios exclusivos que abrangem diversas \u00e1reas do seu dia a dia, como sa\u00fade, educa\u00e7\u00e3o, lazer, cultura e servi\u00e7os. Essas [&hellip;]<\/p>\n","protected":false},"author":1,"featured_media":0,"parent":0,"menu_order":0,"comment_status":"closed","ping_status":"closed","template":"page-templates\/full-width-page.php","meta":[],"_links":{"self":[{"href":"https:\/\/sinprocan.org.br\/index.php?rest_route=\/wp\/v2\/pages\/1262"}],"collection":[{"href":"https:\/\/sinprocan.org.br\/index.php?rest_route=\/wp\/v2\/pages"}],"about":[{"href":"https:\/\/sinprocan.org.br\/index.php?rest_route=\/wp\/v2\/types\/page"}],"author":[{"embeddable":true,"href":"https:\/\/sinprocan.org.br\/index.php?rest_route=\/wp\/v2\/users\/1"}],"replies":[{"embeddable":true,"href":"https:\/\/sinprocan.org.br\/index.php?rest_route=%2Fwp%2Fv2%2Fcomments&post=1262"}],"version-history":[{"count":11,"href":"https:\/\/sinprocan.org.br\/index.php?rest_route=\/wp\/v2\/pages\/1262\/revisions"}],"predecessor-version":[{"id":1495,"href":"https:\/\/sinprocan.org.br\/index.php?rest_route=\/wp\/v2\/pages\/1262\/revisions\/1495"}],"wp:attachment":[{"href":"https:\/\/sinprocan.org.br\/index.php?rest_route=%2Fwp%2Fv2%2Fmedia&parent=1262"}],"curies":[{"name":"wp","href":"https:\/\/api.w.org\/{rel}","templated":true}]}}