{"id":1371,"date":"2025-02-06T15:59:39","date_gmt":"2025-02-06T18:59:39","guid":{"rendered":"http:\/\/sinprocan.org.br\/?page_id=1371"},"modified":"2025-02-06T16:22:56","modified_gmt":"2025-02-06T19:22:56","slug":"a-voz-do-professor","status":"publish","type":"page","link":"https:\/\/sinprocan.org.br\/?page_id=1371","title":{"rendered":"A Voz do Professor"},"content":{"rendered":"\n<p><strong>A Voz do Professor<\/strong> \u00e9 um espa\u00e7o dedicado \u00e0 valoriza\u00e7\u00e3o e express\u00e3o dos educadores. Esse canal busca fortalecer o di\u00e1logo entre professores, sindicato e a comunidade, abordando temas relevantes para a educa\u00e7\u00e3o, os direitos da categoria e as lutas sindicais.<\/p>\n\n\n\n<p>Aqui, voc\u00ea encontrar\u00e1 artigos, entrevistas, not\u00edcias e informa\u00e7\u00f5es que refletem o cotidiano das escolas municipais, os desafios enfrentados pelos profissionais da educa\u00e7\u00e3o, as reivindica\u00e7\u00f5es e as conquistas da categoria.<\/p>\n\n\n\n<p>Nosso compromisso \u00e9 amplificar a voz dos professores, promovendo debates, compartilhando informa\u00e7\u00f5es essenciais e incentivando a participa\u00e7\u00e3o ativa na constru\u00e7\u00e3o de uma educa\u00e7\u00e3o de qualidade e com a real valoriza\u00e7\u00e3o dos servidores p\u00fablicos.<\/p>\n\n\n\n<div class=\"wp-block-file\"><object class=\"wp-block-file__embed\" data=\"http:\/\/sinprocan.org.br\/wp-content\/uploads\/2024\/09\/AVP-Eleicoes-2024-Impressao-240918-1441.pdf\" type=\"application\/pdf\" style=\"width:100%;height:600px\" aria-label=\"Incorporado de A Voz do Professor - Edi\u00e7\u00e3o Especial - Set\/2024.\"><\/object><a id=\"wp-block-file--media-29fa8fbc-0903-46a0-898a-18f3638b8e94\" href=\"http:\/\/sinprocan.org.br\/wp-content\/uploads\/2024\/09\/AVP-Eleicoes-2024-Impressao-240918-1441.pdf\">A Voz do Professor &#8211; Edi\u00e7\u00e3o Especial &#8211; Set\/2024<\/a><a href=\"http:\/\/sinprocan.org.br\/wp-content\/uploads\/2024\/09\/AVP-Eleicoes-2024-Impressao-240918-1441.pdf\" class=\"wp-block-file__button wp-element-button\" download aria-describedby=\"wp-block-file--media-29fa8fbc-0903-46a0-898a-18f3638b8e94\">Baixar<\/a><\/div>\n\n\n\n<div class=\"is-layout-flex wp-container-4 wp-block-columns\">\n<div class=\"is-layout-flow wp-block-column\">\n<div class=\"wp-block-file\"><object class=\"wp-block-file__embed\" data=\"http:\/\/sinprocan.org.br\/wp-content\/uploads\/2020\/07\/AVP_72.pdf\" type=\"application\/pdf\" style=\"width:100%;height:600px\" aria-label=\"Incorporado de AVP_72 - Abr\/2018.\"><\/object><a id=\"wp-block-file--media-a5af5380-f9d4-4a7f-8242-4051dcbc4206\" href=\"http:\/\/sinprocan.org.br\/wp-content\/uploads\/2020\/07\/AVP_72.pdf\">AVP_72 &#8211; Abr\/2018<\/a><a href=\"http:\/\/sinprocan.org.br\/wp-content\/uploads\/2020\/07\/AVP_72.pdf\" class=\"wp-block-file__button wp-element-button\" download aria-describedby=\"wp-block-file--media-a5af5380-f9d4-4a7f-8242-4051dcbc4206\">Baixar<\/a><\/div>\n<\/div>\n\n\n\n<div class=\"is-layout-flow wp-block-column\">\n<div class=\"wp-block-file\"><object class=\"wp-block-file__embed\" data=\"http:\/\/sinprocan.org.br\/wp-content\/uploads\/2020\/07\/AVP_71.pdf\" type=\"application\/pdf\" style=\"width:100%;height:600px\" aria-label=\"Incorporado de AVP_71 - Fev\/2018.\"><\/object><a id=\"wp-block-file--media-95a41734-8f34-4feb-a18c-8f5a8b7d82d6\" href=\"http:\/\/sinprocan.org.br\/wp-content\/uploads\/2020\/07\/AVP_71.pdf\">AVP_71 &#8211; Fev\/2018<\/a><a href=\"http:\/\/sinprocan.org.br\/wp-content\/uploads\/2020\/07\/AVP_71.pdf\" class=\"wp-block-file__button wp-element-button\" download aria-describedby=\"wp-block-file--media-95a41734-8f34-4feb-a18c-8f5a8b7d82d6\">Baixar<\/a><\/div>\n<\/div>\n\n\n\n<div class=\"is-layout-flow wp-block-column\"><\/div>\n<\/div>\n","protected":false},"excerpt":{"rendered":"<p>A Voz do Professor \u00e9 um espa\u00e7o dedicado \u00e0 valoriza\u00e7\u00e3o e express\u00e3o dos educadores. Esse canal busca fortalecer o di\u00e1logo entre professores, sindicato e a comunidade, abordando temas relevantes para a educa\u00e7\u00e3o, os direitos da categoria e as lutas sindicais. Aqui, voc\u00ea encontrar\u00e1 artigos, entrevistas, not\u00edcias e informa\u00e7\u00f5es que refletem o cotidiano das escolas municipais, [&hellip;]<\/p>\n","protected":false},"author":1,"featured_media":0,"parent":0,"menu_order":0,"comment_status":"closed","ping_status":"closed","template":"","meta":[],"_links":{"self":[{"href":"https:\/\/sinprocan.org.br\/index.php?rest_route=\/wp\/v2\/pages\/1371"}],"collection":[{"href":"https:\/\/sinprocan.org.br\/index.php?rest_route=\/wp\/v2\/pages"}],"about":[{"href":"https:\/\/sinprocan.org.br\/index.php?rest_route=\/wp\/v2\/types\/page"}],"author":[{"embeddable":true,"href":"https:\/\/sinprocan.org.br\/index.php?rest_route=\/wp\/v2\/users\/1"}],"replies":[{"embeddable":true,"href":"https:\/\/sinprocan.org.br\/index.php?rest_route=%2Fwp%2Fv2%2Fcomments&post=1371"}],"version-history":[{"count":4,"href":"https:\/\/sinprocan.org.br\/index.php?rest_route=\/wp\/v2\/pages\/1371\/revisions"}],"predecessor-version":[{"id":1378,"href":"https:\/\/sinprocan.org.br\/index.php?rest_route=\/wp\/v2\/pages\/1371\/revisions\/1378"}],"wp:attachment":[{"href":"https:\/\/sinprocan.org.br\/index.php?rest_route=%2Fwp%2Fv2%2Fmedia&parent=1371"}],"curies":[{"name":"wp","href":"https:\/\/api.w.org\/{rel}","templated":true}]}}