{"id":16,"date":"2020-07-26T20:40:09","date_gmt":"2020-07-26T23:40:09","guid":{"rendered":"http:\/\/sinprocan.org.br\/?page_id=16"},"modified":"2025-07-03T17:28:08","modified_gmt":"2025-07-03T20:28:08","slug":"contato","status":"publish","type":"page","link":"https:\/\/sinprocan.org.br\/?page_id=16","title":{"rendered":"CONTATO"},"content":{"rendered":"\n<p>O Sindicato dos Profissionais em Educa\u00e7\u00e3o Municipal de Canoas \u2013 SINPROCAN \u2013 \u00e9 uma entidade fundada em 1993 com o prop\u00f3sito de juntos com a categoria estimular o avan\u00e7o de nossas propostas junto ao poder municipal de Canoas. Desde ent\u00e3o temos trabalhando com este objetivo.<\/p>\n\n\n\n<p>Sede: Rua 15 de Janeiro, 121, sala 203<br>Centro de Canoas\/RS<\/p>\n\n\n\n<p>Fone: (51) 3466.2026 ou (51) 3476.4033<br>WhatsApp: (51) 9962.0722<\/p>\n\n\n\n<p>Atendimento de 2\u00aa a 6\u00aa, das 8h \u00e0s 18h, sem fechar ao meio dia.<\/p>\n\n\n\n<p>E-mail: contatosinprocan@gmail.com.br<br><\/p>\n\n\n\n<p><img decoding=\"async\" loading=\"lazy\" width=\"32\" height=\"32\" class=\"wp-image-6\" style=\"width: 32px;\" src=\"http:\/\/sinprocan.org.br\/wp-content\/uploads\/2020\/07\/LOGO_FACE-2.jpg\" alt=\"\">&nbsp; <a href=\"https:\/\/www.facebook.com\/sinprocan\">FACEBOOK<\/a><\/p>\n\n\n\n<p><img decoding=\"async\" loading=\"lazy\" width=\"33\" height=\"33\" class=\"wp-image-7\" style=\"width: 33px;\" src=\"http:\/\/sinprocan.org.br\/wp-content\/uploads\/2020\/07\/LOGO_INSTAGRAM.jpg\" alt=\"\">  <a href=\"https:\/\/www.instagram.com\/sinprocan30anos\/\">INSTAGRAM<\/a><\/p>\n\n\n\n<p><img decoding=\"async\" loading=\"lazy\" width=\"33\" height=\"33\" class=\"wp-image-9\" style=\"width: 33px;\" src=\"http:\/\/sinprocan.org.br\/wp-content\/uploads\/2020\/07\/LOGO_YOUTUBE.jpg\" alt=\"\">&nbsp; <a href=\"https:\/\/www.youtube.com\/@SinprocanCanoas\">YOUTUBE<\/a><\/p>\n","protected":false},"excerpt":{"rendered":"<p>O Sindicato dos Profissionais em Educa\u00e7\u00e3o Municipal de Canoas \u2013 SINPROCAN \u2013 \u00e9 uma entidade fundada em 1993 com o prop\u00f3sito de juntos com a categoria estimular o avan\u00e7o de nossas propostas junto ao poder municipal de Canoas. Desde ent\u00e3o temos trabalhando com este objetivo. Sede: Rua 15 de Janeiro, 121, sala 203Centro de Canoas\/RS [&hellip;]<\/p>\n","protected":false},"author":1,"featured_media":0,"parent":0,"menu_order":0,"comment_status":"closed","ping_status":"closed","template":"","meta":[],"_links":{"self":[{"href":"https:\/\/sinprocan.org.br\/index.php?rest_route=\/wp\/v2\/pages\/16"}],"collection":[{"href":"https:\/\/sinprocan.org.br\/index.php?rest_route=\/wp\/v2\/pages"}],"about":[{"href":"https:\/\/sinprocan.org.br\/index.php?rest_route=\/wp\/v2\/types\/page"}],"author":[{"embeddable":true,"href":"https:\/\/sinprocan.org.br\/index.php?rest_route=\/wp\/v2\/users\/1"}],"replies":[{"embeddable":true,"href":"https:\/\/sinprocan.org.br\/index.php?rest_route=%2Fwp%2Fv2%2Fcomments&post=16"}],"version-history":[{"count":3,"href":"https:\/\/sinprocan.org.br\/index.php?rest_route=\/wp\/v2\/pages\/16\/revisions"}],"predecessor-version":[{"id":1429,"href":"https:\/\/sinprocan.org.br\/index.php?rest_route=\/wp\/v2\/pages\/16\/revisions\/1429"}],"wp:attachment":[{"href":"https:\/\/sinprocan.org.br\/index.php?rest_route=%2Fwp%2Fv2%2Fmedia&parent=16"}],"curies":[{"name":"wp","href":"https:\/\/api.w.org\/{rel}","templated":true}]}}