{"id":29,"date":"2020-07-26T20:48:26","date_gmt":"2020-07-26T23:48:26","guid":{"rendered":"http:\/\/sinprocan.org.br\/?page_id=29"},"modified":"2022-04-28T09:45:31","modified_gmt":"2022-04-28T12:45:31","slug":"documentos","status":"publish","type":"page","link":"https:\/\/sinprocan.org.br\/?page_id=29","title":{"rendered":"DOCUMENTOS"},"content":{"rendered":"\n<div class=\"wp-block-file\"><a href=\"http:\/\/sinprocan.org.br\/wp-content\/uploads\/2020\/07\/ESTATUTO-SINPROCAN-2017.pdf\">ESTATUTO SINPROCAN 2017<\/a><a href=\"http:\/\/sinprocan.org.br\/wp-content\/uploads\/2020\/07\/ESTATUTO-SINPROCAN-2017.pdf\" class=\"wp-block-file__button\" download>Baixar<\/a><\/div>\n\n\n\n<div class=\"wp-block-file\"><a href=\"http:\/\/sinprocan.org.br\/wp-content\/uploads\/2020\/07\/LEI-5580-2011-PLANO-DE-CARREIRA.pdf\">PLANO DE CARREIRA 5580\/2011<\/a><a href=\"http:\/\/sinprocan.org.br\/wp-content\/uploads\/2020\/07\/LEI-5580-2011-PLANO-DE-CARREIRA.pdf\" class=\"wp-block-file__button\" download>Baixar<\/a><\/div>\n\n\n\n<div class=\"wp-block-file\"><a href=\"http:\/\/sinprocan.org.br\/wp-content\/uploads\/2020\/07\/Lei-ordinaria-2214-1984-Canoas-RS-consolidada-09-07-2020.pdf\">Lei-ordinaria-2214-1984-Canoas-RS-Estatuto Funcionalismo -09-07-2020<\/a><a href=\"http:\/\/sinprocan.org.br\/wp-content\/uploads\/2020\/07\/Lei-ordinaria-2214-1984-Canoas-RS-consolidada-09-07-2020.pdf\" class=\"wp-block-file__button\" download>Baixar<\/a><\/div>\n\n\n\n<div class=\"wp-block-file\"><a href=\"http:\/\/sinprocan.org.br\/wp-content\/uploads\/2020\/07\/LEI-5581-2011-PLANO-DE-CARREIRA.pdf\">PLANO DE CARREIRA 5581\/2011<\/a><a href=\"http:\/\/sinprocan.org.br\/wp-content\/uploads\/2020\/07\/LEI-5581-2011-PLANO-DE-CARREIRA.pdf\" class=\"wp-block-file__button\" download>Baixar<\/a><\/div>\n\n\n\n<div class=\"wp-block-file\"><a href=\"http:\/\/sinprocan.org.br\/wp-content\/uploads\/2020\/07\/LEI-5878-2014-PLANO-DE-CARREIRA.pdf\">PLANO DE CARREIRA 5878\/2014<\/a><a href=\"http:\/\/sinprocan.org.br\/wp-content\/uploads\/2020\/07\/LEI-5878-2014-PLANO-DE-CARREIRA.pdf\" class=\"wp-block-file__button\" download>Baixar<\/a><\/div>\n\n\n\n<div class=\"wp-block-file\"><a href=\"http:\/\/sinprocan.org.br\/wp-content\/uploads\/2020\/08\/Lei-6335-2020.pdf\">Lei 6335 2020 -Altera dispositivos das Leis n\u00ba 5.878, de 31 de<br>outubro de 2014, que \u201cDisp\u00f5e sobre o Plano<br>de Carreira do Profissional da Educa\u00e7\u00e3o<br>B\u00e1sica da Administra\u00e7\u00e3o P\u00fablica de Canoas e<br>d\u00e1 outras provid\u00eancias\u201d , cria cargos de 20h <\/a><a href=\"http:\/\/sinprocan.org.br\/wp-content\/uploads\/2020\/08\/Lei-6335-2020.pdf\" class=\"wp-block-file__button\" download>Baixar<\/a><\/div>\n\n\n\n<hr class=\"wp-block-separator\"\/>\n\n\n\n<div class=\"wp-block-file\"><a href=\"http:\/\/sinprocan.org.br\/wp-content\/uploads\/2020\/07\/LEI-5910-2015-PLANO-DE-CARREIRA.pdf\">PLANO DE CARREIRA 5910\/2015<\/a><a href=\"http:\/\/sinprocan.org.br\/wp-content\/uploads\/2020\/07\/LEI-5910-2015-PLANO-DE-CARREIRA.pdf\" class=\"wp-block-file__button\" download>Baixar<\/a><\/div>\n\n\n\n<div class=\"wp-block-file\"><a href=\"http:\/\/sinprocan.org.br\/wp-content\/uploads\/2020\/07\/LEI-11738-2008-PISO.pdf\">LEI DO PISO 11738\/2008<\/a><a href=\"http:\/\/sinprocan.org.br\/wp-content\/uploads\/2020\/07\/LEI-11738-2008-PISO.pdf\" class=\"wp-block-file__button\" download>Baixar<\/a><\/div>\n\n\n\n<div class=\"wp-block-file\"><a href=\"http:\/\/sinprocan.org.br\/wp-content\/uploads\/2020\/07\/LEI-5388-2009-LICEN\u00c7A-GESTANTE.pdf\">LICEN\u00c7A GESTANTE 5388\/2009<\/a><a href=\"http:\/\/sinprocan.org.br\/wp-content\/uploads\/2020\/07\/LEI-5388-2009-LICEN\u00c7A-GESTANTE.pdf\" class=\"wp-block-file__button\" download>Baixar<\/a><\/div>\n\n\n\n<div class=\"wp-block-file\"><a href=\"http:\/\/sinprocan.org.br\/wp-content\/uploads\/2020\/07\/DECRETO-214-2011-LICEN\u00c7A-PR\u00caMIO.pdf\">DECRETO LICEN\u00c7A PR\u00caMIO 214\/2011<\/a><a href=\"http:\/\/sinprocan.org.br\/wp-content\/uploads\/2020\/07\/DECRETO-214-2011-LICEN\u00c7A-PR\u00caMIO.pdf\" class=\"wp-block-file__button\" download>Baixar<\/a><\/div>\n\n\n\n<div class=\"wp-block-file\"><a href=\"http:\/\/sinprocan.org.br\/wp-content\/uploads\/2020\/07\/DECRETO-118-2014-GRAU-DE-TITULA\u00c7\u00c3O.pdf\">DECRETO GRAU DE TITULA\u00c7\u00c3O 118\/2014<\/a><a href=\"http:\/\/sinprocan.org.br\/wp-content\/uploads\/2020\/07\/DECRETO-118-2014-GRAU-DE-TITULA\u00c7\u00c3O.pdf\" class=\"wp-block-file__button\" download>Baixar<\/a><\/div>\n\n\n\n<div class=\"wp-block-file\"><a href=\"http:\/\/sinprocan.org.br\/wp-content\/uploads\/2020\/07\/LEI-ORG\u00c2NICA-CANOAS-2017.pdf\">LEI ORG\u00c2NICA CANOAS 2017<\/a><a href=\"http:\/\/sinprocan.org.br\/wp-content\/uploads\/2020\/07\/LEI-ORG\u00c2NICA-CANOAS-2017.pdf\" class=\"wp-block-file__button\" download>Baixar<\/a><\/div>\n\n\n\n<div class=\"wp-block-file\"><a href=\"http:\/\/sinprocan.org.br\/wp-content\/uploads\/2020\/07\/LEI-9394-1996-LDB.pdf\">LDB 9394\/1996<\/a><a href=\"http:\/\/sinprocan.org.br\/wp-content\/uploads\/2020\/07\/LEI-9394-1996-LDB.pdf\" class=\"wp-block-file__button\" download>Baixar<\/a><\/div>\n\n\n\n<div class=\"wp-block-file\"><a href=\"http:\/\/sinprocan.org.br\/wp-content\/uploads\/2020\/07\/LEI-5933-2015-PLANO-MUNICIPAL-DE-EDUCA\u00c7\u00c3O.pdf\">PLANO MUNICIPAL DE EDUCA\u00c7\u00c3O 5933\/2015<\/a><a href=\"http:\/\/sinprocan.org.br\/wp-content\/uploads\/2020\/07\/LEI-5933-2015-PLANO-MUNICIPAL-DE-EDUCA\u00c7\u00c3O.pdf\" class=\"wp-block-file__button\" download>Baixar<\/a><\/div>\n\n\n\n<div class=\"wp-block-file\"><a href=\"http:\/\/sinprocan.org.br\/wp-content\/uploads\/2020\/07\/LEI-5246-2007-ELEI\u00c7\u00c3O-DIRETORES.pdf\">ELEI\u00c7\u00c3O DIRETORES 5246\/2007<\/a><a href=\"http:\/\/sinprocan.org.br\/wp-content\/uploads\/2020\/07\/LEI-5246-2007-ELEI\u00c7\u00c3O-DIRETORES.pdf\" class=\"wp-block-file__button\" download>Baixar<\/a><\/div>\n\n\n\n<div class=\"wp-block-file\"><a href=\"http:\/\/sinprocan.org.br\/wp-content\/uploads\/2020\/08\/Lei-elei\u00e7oes-infantil-final.pdf\">Lei elei\u00e7\u00f5es Diretores Ed. Infantil &#8211; <\/a><a href=\"http:\/\/sinprocan.org.br\/wp-content\/uploads\/2020\/08\/Lei-elei\u00e7oes-infantil-final.pdf\" class=\"wp-block-file__button\" download>Baixar<\/a><\/div>\n\n\n\n<div class=\"wp-block-file\"><a href=\"http:\/\/sinprocan.org.br\/wp-content\/uploads\/2020\/08\/LEI-COMPLEMENTAR-N\u00ba-173-DE-27-DE-MAIO-DE-2020-LEI-COMPLEMENTAR-N\u00ba-173-DE-27-DE-MAIO-DE-2020-DOU-Imprensa-Nacional.pdf\">LEI-COMPLEMENTAR-N\u00ba-173-DE-27-DE-MAIO-DE-2020-LEI-COMPLEMENTAR-N\u00ba-173-DE-27-DE-MAIO-DE-2020-DOU-Imprensa-Nacional<\/a><a href=\"http:\/\/sinprocan.org.br\/wp-content\/uploads\/2020\/08\/LEI-COMPLEMENTAR-N\u00ba-173-DE-27-DE-MAIO-DE-2020-LEI-COMPLEMENTAR-N\u00ba-173-DE-27-DE-MAIO-DE-2020-DOU-Imprensa-Nacional.pdf\" class=\"wp-block-file__button\" download>Baixar<\/a><\/div>\n\n\n\n<div class=\"wp-block-file\"><a href=\"http:\/\/sinprocan.org.br\/wp-content\/uploads\/2020\/08\/CNE-2-mesclado.pdf\">CNE-2- Parecer 009\/2020 e Medida Provis\u00f3ria 934\/2020-<span class=\"has-inline-color has-vivid-red-color\">IMPORTANTE <\/span>&#8211; Trata da Recupera\u00e7\u00e3o de aulas CNE <\/a><a href=\"http:\/\/sinprocan.org.br\/wp-content\/uploads\/2020\/08\/CNE-2-mesclado.pdf\" class=\"wp-block-file__button\" download>Baixar<\/a><\/div>\n\n\n\n<div class=\"wp-block-file\"><a href=\"http:\/\/sinprocan.org.br\/wp-content\/uploads\/2020\/08\/Decreto-115.pdf\">Decreto-115- Institui Calamidade P\u00fablica em Canoas <\/a><a href=\"http:\/\/sinprocan.org.br\/wp-content\/uploads\/2020\/08\/Decreto-115.pdf\" class=\"wp-block-file__button\" download>Baixar<\/a><\/div>\n\n\n\n<div class=\"wp-block-file\"><a href=\"http:\/\/sinprocan.org.br\/wp-content\/uploads\/2020\/08\/Diretrizes-da-CNTE-para-enfrentamento-do-coronavirus-nas-escolas.pdf\">Diretrizes-da-CNTE-para-enfrentamento-do-coronavirus-nas-escolas<\/a><a href=\"http:\/\/sinprocan.org.br\/wp-content\/uploads\/2020\/08\/Diretrizes-da-CNTE-para-enfrentamento-do-coronavirus-nas-escolas.pdf\" class=\"wp-block-file__button\" download>Baixar<\/a><\/div>\n\n\n\n<div class=\"wp-block-file\"><a href=\"http:\/\/sinprocan.org.br\/wp-content\/uploads\/2020\/08\/DOE_2020-05-10.pdf\">DOE_2020-05-10 -Institui o Sistema de Distanciamento Controlado para fins de preven\u00e7\u00e3o e<br>de enfrentamento \u00e0 epidemia causada pelo novo Coronav\u00edrus (COVID-19) <\/a><a href=\"http:\/\/sinprocan.org.br\/wp-content\/uploads\/2020\/08\/DOE_2020-05-10.pdf\" class=\"wp-block-file__button\" download>Baixar<\/a><\/div>\n\n\n\n<div class=\"wp-block-file\"><a href=\"http:\/\/sinprocan.org.br\/wp-content\/uploads\/2020\/08\/DOE_2020-06-04.pdf\">DOE_2020-06-04 -Estabelece as normas aplic\u00e1veis \u00e0s institui\u00e7\u00f5es e estabelecimentos de ensino situados no territ\u00f3rio do Estado do Rio Grande do Sul, conforme as<br>medidas de preven\u00e7\u00e3o e de enfrentamento \u00e0 epidemia causada pelo novo Coronav\u00edrus (COVID-19) <\/a><a href=\"http:\/\/sinprocan.org.br\/wp-content\/uploads\/2020\/08\/DOE_2020-06-04.pdf\" class=\"wp-block-file__button\" download>Baixar<\/a><\/div>\n\n\n\n<div class=\"wp-block-file\"><a href=\"http:\/\/sinprocan.org.br\/wp-content\/uploads\/2020\/08\/MEMORANDO_2020023550.pdf\">MEMORANDO_2020023550 &#8211; Suspende Contagem da Licen\u00e7a Pr\u00eamio 2020<\/a><a href=\"http:\/\/sinprocan.org.br\/wp-content\/uploads\/2020\/08\/MEMORANDO_2020023550.pdf\" class=\"wp-block-file__button\" download>Baixar<\/a><\/div>\n\n\n\n<div class=\"wp-block-file\"><a href=\"http:\/\/sinprocan.org.br\/wp-content\/uploads\/2020\/08\/muda-licen\u00e7as.pdf\">muda licen\u00e7a Licen\u00e7a Gestante <\/a><a href=\"http:\/\/sinprocan.org.br\/wp-content\/uploads\/2020\/08\/muda-licen\u00e7as.pdf\" class=\"wp-block-file__button\" download>Baixar<\/a><\/div>\n\n\n\n<div class=\"wp-block-file\"><a href=\"http:\/\/sinprocan.org.br\/wp-content\/uploads\/2020\/08\/nota-tecnicaLC173.pdf\">nota tecnicaLC173 &#8211; Autoriza mudan\u00e7a de classe e Grau , durante vig\u00eancia da Lei 173\/2020<\/a><a href=\"http:\/\/sinprocan.org.br\/wp-content\/uploads\/2020\/08\/nota-tecnicaLC173.pdf\" class=\"wp-block-file__button\" download>Baixar<\/a><\/div>\n\n\n\n<div class=\"wp-block-file\"><a href=\"http:\/\/sinprocan.org.br\/wp-content\/uploads\/2020\/08\/LEI-COMPLEMENTAR-N\u00ba-173-DE-27-DE-MAIO-DE-2020-LEI-COMPLEMENTAR-N\u00ba-173-DE-27-DE-MAIO-DE-2020-DOU-Imprensa-Nacional-1.pdf\">LEI COMPLEMENTAR N\u00ba 173, DE 27 DE MAIO DE 2020 &#8211; LEI COMPLEMENTAR N\u00ba 173, DE 27 DE MAIO DE 2020 &#8211; DOU &#8211; Imprensa Nacional<\/a><a href=\"http:\/\/sinprocan.org.br\/wp-content\/uploads\/2020\/08\/LEI-COMPLEMENTAR-N\u00ba-173-DE-27-DE-MAIO-DE-2020-LEI-COMPLEMENTAR-N\u00ba-173-DE-27-DE-MAIO-DE-2020-DOU-Imprensa-Nacional-1.pdf\" class=\"wp-block-file__button\" download>Baixar<\/a><\/div>\n\n\n\n<div class=\"wp-block-file\"><a href=\"http:\/\/sinprocan.org.br\/wp-content\/uploads\/2020\/08\/DIEESE-NOTA-TEC-244-covid-e-educacao.pdf\">DIEESE NOTA TEC 244 covid e educacao<\/a><a href=\"http:\/\/sinprocan.org.br\/wp-content\/uploads\/2020\/08\/DIEESE-NOTA-TEC-244-covid-e-educacao.pdf\" class=\"wp-block-file__button\" download>Baixar<\/a><\/div>\n\n\n\n<div class=\"wp-block-file\"><a href=\"http:\/\/sinprocan.org.br\/wp-content\/uploads\/2020\/08\/MEMORANDO_2020026770.pdf\">MEMORANDO_2020026770 &#8211; ALTERA\u00c7\u00c3O DE GRAU &#8211; CARREIRA REGIDAS PELAS LEIS 5878\/2014 E 5910\/2015. Posses maio e junho\/2015<\/a><a href=\"http:\/\/sinprocan.org.br\/wp-content\/uploads\/2020\/08\/MEMORANDO_2020026770.pdf\" class=\"wp-block-file__button\" download>Baixar<\/a><\/div>\n\n\n\n<div class=\"wp-block-file\"><a href=\"http:\/\/sinprocan.org.br\/wp-content\/uploads\/2020\/08\/Decreto-121-2020-de-Canoas-RS-atualizado-1.pdf\">Decreto 121 2020 de Canoas RS &#8211; atualizado conduta dos agentes p\u00fablicos municipais no per\u00edodo eleitoral -reda\u00e7\u00e3o atualizada<\/a><a href=\"http:\/\/sinprocan.org.br\/wp-content\/uploads\/2020\/08\/Decreto-121-2020-de-Canoas-RS-atualizado-1.pdf\" class=\"wp-block-file__button\" download>Baixar<\/a><\/div>\n\n\n\n<div class=\"wp-block-file\"><a href=\"http:\/\/sinprocan.org.br\/wp-content\/uploads\/2020\/08\/cnte_relatorio_da_pesquisa_covid_gestrado_julho2020.pdf\">cnte_relatorio_da_pesquisa_covid_gestrado_julho2020<\/a><a href=\"http:\/\/sinprocan.org.br\/wp-content\/uploads\/2020\/08\/cnte_relatorio_da_pesquisa_covid_gestrado_julho2020.pdf\" class=\"wp-block-file__button\" download>Baixar<\/a><\/div>\n\n\n\n<div class=\"wp-block-file\"><a href=\"http:\/\/sinprocan.org.br\/wp-content\/uploads\/2020\/08\/Di\u00e1rio-Oficial-Publica\u00e7\u00e3o-suplementa\u00e7\u00e3o.pdf\">Di\u00e1rio Oficial &#8211; Publica\u00e7\u00e3o suplementa\u00e7\u00e3o -verba compartilhada 2020<\/a><a href=\"http:\/\/sinprocan.org.br\/wp-content\/uploads\/2020\/08\/Di\u00e1rio-Oficial-Publica\u00e7\u00e3o-suplementa\u00e7\u00e3o.pdf\" class=\"wp-block-file__button\" download>Baixar<\/a><\/div>\n\n\n\n<div class=\"wp-block-file\"><a href=\"http:\/\/sinprocan.org.br\/wp-content\/uploads\/2020\/08\/PPP_RMEC_SME-2020-1.pdf\">PPP_RMEC_SME-2020-1<br>PPP SME 2020 <\/a><a href=\"http:\/\/sinprocan.org.br\/wp-content\/uploads\/2020\/08\/PPP_RMEC_SME-2020-1.pdf\" class=\"wp-block-file__button\" download>Baixar<\/a><\/div>\n\n\n\n<div class=\"wp-block-file\"><a href=\"http:\/\/sinprocan.org.br\/wp-content\/uploads\/2020\/08\/2_-Orienta\u00e7\u00f5es-Complementares-para-o-Ensino-Remoto-SME-25_06_20.pdf\">2_-Orienta\u00e7\u00f5es-Complementares-para-o-Ensino-Remoto-SME-25_06_20<\/a><a href=\"http:\/\/sinprocan.org.br\/wp-content\/uploads\/2020\/08\/2_-Orienta\u00e7\u00f5es-Complementares-para-o-Ensino-Remoto-SME-25_06_20.pdf\" class=\"wp-block-file__button\" download>Baixar<\/a><\/div>\n\n\n\n<div class=\"wp-block-file\"><a href=\"http:\/\/sinprocan.org.br\/wp-content\/uploads\/2020\/08\/Nota-T\u00e9cnica-Conjunta-n\u00ba-02-2020-CAOIJEFAM-PREDUCS-FICAI-COVID-19.pdf\">Nota-T\u00e9cnica-Conjunta-n\u00ba-02-2020-CAOIJEFAM-PREDUCS-FICAI-COVID-19 &#8211; RETORNO \u00c0S AULAS &#8211; PROTOCOLO GOVERNO DO ESTADO <\/a><a href=\"http:\/\/sinprocan.org.br\/wp-content\/uploads\/2020\/08\/Nota-T\u00e9cnica-Conjunta-n\u00ba-02-2020-CAOIJEFAM-PREDUCS-FICAI-COVID-19.pdf\" class=\"wp-block-file__button\" download>Baixar<\/a><\/div>\n\n\n\n<div class=\"wp-block-file\"><a href=\"http:\/\/sinprocan.org.br\/wp-content\/uploads\/2020\/08\/Di\u00e1rio-Oficial-Publica\u00e7\u00e3o-1-20.pdf\">DECRETO N\u00ba 203, DE 17 DE AGOSTO DE 2020.<br>Adota protocolos de medidas sanit\u00e1rias<br>segmentadas elaboradas e acolhidas pelos<br>Munic\u00edpios que comp\u00f5em a Regi\u00e3o de Sa\u00fade<br>R 08 e d\u00e1 outras provid\u00eancias<\/a><a href=\"http:\/\/sinprocan.org.br\/wp-content\/uploads\/2020\/08\/Di\u00e1rio-Oficial-Publica\u00e7\u00e3o-1-20.pdf\" class=\"wp-block-file__button\" download>Baixar<\/a><\/div>\n\n\n\n<div class=\"wp-block-file\"><a href=\"http:\/\/sinprocan.org.br\/wp-content\/uploads\/2020\/09\/Resolucao-CME-no-20-2020.pdf\">Resolucao-CME-no-20-2020 &#8211; Estabelece normas para a reorganiza\u00e7\u00e3o dos<br>calend\u00e1rios escolares, excepcionalmente no ano de<br>2020, frente \u00e0 pandemia da COVID-19, para as<br>Escolas componentes do Sistema Municipal de<br>Ensino.<\/a><a href=\"http:\/\/sinprocan.org.br\/wp-content\/uploads\/2020\/09\/Resolucao-CME-no-20-2020.pdf\" class=\"wp-block-file__button\" download>Baixar<\/a><\/div>\n\n\n\n<div class=\"wp-block-file\"><a href=\"http:\/\/sinprocan.org.br\/wp-content\/uploads\/2020\/09\/diario-oficial-decreto-aulas-presenciais.pdf\">diario-oficial-decreto-aulas-presenciais<br>Estabelece as normas aplic\u00e1veis \u00e0s institui\u00e7\u00f5es e estabelecimentos de<br>ensino situados no territ\u00f3rio do Estado do Rio Grande do Sul, conforme<br>as medidas de preven\u00e7\u00e3o e de enfrentamento \u00e0 epidemia causada pelo<br>novo Coronav\u00edrus (COVID-19) de que trata o Decreto n\u00ba 55.240, de 10 de<br>maio de 2020, que institui o Sistema de Distanciamento Controlado e d\u00e1<br>outras provid\u00eancias.<\/a><a href=\"http:\/\/sinprocan.org.br\/wp-content\/uploads\/2020\/09\/diario-oficial-decreto-aulas-presenciais.pdf\" class=\"wp-block-file__button\" download>Baixar<\/a><\/div>\n\n\n\n<div class=\"wp-block-file\"><a href=\"http:\/\/sinprocan.org.br\/wp-content\/uploads\/2020\/11\/Decreto-0117-Regulamenta-Lei-no-5.837-14.doc\">Decreto-0117-Regulamenta-Lei-no-5.837-14<br>&nbsp;Incentivo para aquisi\u00e7\u00e3o do Notebook<\/a><a href=\"http:\/\/sinprocan.org.br\/wp-content\/uploads\/2020\/11\/Decreto-0117-Regulamenta-Lei-no-5.837-14.doc\" class=\"wp-block-file__button\" download>Baixar<\/a><\/div>\n\n\n\n<p>LEI N\u00ba 6.483, DE 22 DE OUTUBRO DE 2021.<br>Institui o Regime de Previd\u00eancia<br>Complementar no \u00e2mbito do Munic\u00edpio de<br>Canoas, fixa o limite m\u00e1ximo para a concess\u00e3o<br>de aposentadorias e pens\u00f5es pelo regime de<br>previd\u00eancia de que trata o art. 40 da<br>Constitui\u00e7\u00e3o Federal, autoriza a ades\u00e3o a plano<br>de benef\u00edcios de previd\u00eancia complementar, e<br>d\u00e1 outras provid\u00eancias.<\/p>\n\n\n\n<div class=\"wp-block-file\"><a href=\"http:\/\/sinprocan.org.br\/wp-content\/uploads\/2022\/04\/Lei-6483.pdf\">Lei 6483<\/a><a href=\"http:\/\/sinprocan.org.br\/wp-content\/uploads\/2022\/04\/Lei-6483.pdf\" class=\"wp-block-file__button\" download>Baixar<\/a><\/div>\n\n\n\n<p>LEI N\u00ba 6.484, DE 25 DE OUTUBRO DE 2021.<br>Altera e acresce dispositivos na Lei n\u00ba 2.214,<br>de 29 de junho de 1984, que \u201cDisp\u00f5e sobre o<br>estatuto dos funcion\u00e1rios p\u00fablicos do<br>Munic\u00edpio de Canoas\u201d, na Lei n\u00ba 5.909, de 23<br>de mar\u00e7o de 2015, que \u201cDisp\u00f5e sobre o regime<br>de subs\u00eddios como sistema de op\u00e7\u00e3o<br>remunerat\u00f3ria, aos servidores do quadro<br>especial de cargos da administra\u00e7\u00e3o p\u00fablica<br>direta e aut\u00e1rquica de Canoas\u201d e na Lei n\u00ba<br>5.910, de 23 de mar\u00e7o de 2015, que \u201cDisp\u00f5e<br>sobre o regime de subs\u00eddios como sistema de<br>op\u00e7\u00e3o remunerat\u00f3ria aos servidores do quadro<br>de cargos dos profissionais do magist\u00e9rio e do<br>quadro de cargos dos agentes de apoio \u00e0<br>educa\u00e7\u00e3o infantil, do Munic\u00edpio de Canoas\u201d, e<br>d\u00e1 outras provid\u00eancias.<\/p>\n\n\n\n<div class=\"wp-block-file\"><a href=\"http:\/\/sinprocan.org.br\/wp-content\/uploads\/2022\/04\/Lei-6484-25-10-21.pdf\">Lei 6484 25 10 21<\/a><a href=\"http:\/\/sinprocan.org.br\/wp-content\/uploads\/2022\/04\/Lei-6484-25-10-21.pdf\" class=\"wp-block-file__button\" download>Baixar<\/a><\/div>\n\n\n\n<p>LEI N\u00ba 6.485, DE 25 DE OUTUBRO DE 2021.<br>Reestrutura o Fundo de Assist\u00eancia \u00e0 Sa\u00fade do<br>Servidor Municipal e seus dependentes e d\u00e1<br>outras provid\u00eancias.<\/p>\n\n\n\n<div class=\"wp-block-file\"><a href=\"http:\/\/sinprocan.org.br\/wp-content\/uploads\/2022\/04\/Lei-6485.pdf\">Lei 6485<\/a><a href=\"http:\/\/sinprocan.org.br\/wp-content\/uploads\/2022\/04\/Lei-6485.pdf\" class=\"wp-block-file__button\" download>Baixar<\/a><\/div>\n\n\n\n<p>LEI COMPLEMENTAR N\u00ba 8, DE 25 DE OUTUBRO DE 2021.<br>Disp\u00f5e sobre os benef\u00edcios previdenci\u00e1rios do<br>Regime Pr\u00f3prio de Previd\u00eancia Social do<br>Munic\u00edpio de Canoas, revoga dispositivos da<br>Lei n\u00ba 5.082, de 11 de maio de 2006 e d\u00e1<br>outras provid\u00eancias.<\/p>\n\n\n\n<div class=\"wp-block-file\"><a href=\"http:\/\/sinprocan.org.br\/wp-content\/uploads\/2022\/04\/lei-complementar-008.pdf\">Lei complementar 008<\/a><a href=\"http:\/\/sinprocan.org.br\/wp-content\/uploads\/2022\/04\/lei-complementar-008.pdf\" class=\"wp-block-file__button\" download>Baixar<\/a><\/div>\n\n\n\n<p><\/p>\n","protected":false},"excerpt":{"rendered":"<p>LEI N\u00ba 6.483, DE 22 DE OUTUBRO DE 2021.Institui o Regime de Previd\u00eanciaComplementar no \u00e2mbito do Munic\u00edpio deCanoas, fixa o limite m\u00e1ximo para a concess\u00e3ode aposentadorias e pens\u00f5es pelo regime deprevid\u00eancia de que trata o art. 40 daConstitui\u00e7\u00e3o Federal, autoriza a ades\u00e3o a planode benef\u00edcios de previd\u00eancia complementar, ed\u00e1 outras provid\u00eancias. LEI N\u00ba 6.484, DE [&hellip;]<\/p>\n","protected":false},"author":1,"featured_media":0,"parent":0,"menu_order":0,"comment_status":"closed","ping_status":"closed","template":"","meta":[],"_links":{"self":[{"href":"https:\/\/sinprocan.org.br\/index.php?rest_route=\/wp\/v2\/pages\/29"}],"collection":[{"href":"https:\/\/sinprocan.org.br\/index.php?rest_route=\/wp\/v2\/pages"}],"about":[{"href":"https:\/\/sinprocan.org.br\/index.php?rest_route=\/wp\/v2\/types\/page"}],"author":[{"embeddable":true,"href":"https:\/\/sinprocan.org.br\/index.php?rest_route=\/wp\/v2\/users\/1"}],"replies":[{"embeddable":true,"href":"https:\/\/sinprocan.org.br\/index.php?rest_route=%2Fwp%2Fv2%2Fcomments&post=29"}],"version-history":[{"count":19,"href":"https:\/\/sinprocan.org.br\/index.php?rest_route=\/wp\/v2\/pages\/29\/revisions"}],"predecessor-version":[{"id":299,"href":"https:\/\/sinprocan.org.br\/index.php?rest_route=\/wp\/v2\/pages\/29\/revisions\/299"}],"wp:attachment":[{"href":"https:\/\/sinprocan.org.br\/index.php?rest_route=%2Fwp%2Fv2%2Fmedia&parent=29"}],"curies":[{"name":"wp","href":"https:\/\/api.w.org\/{rel}","templated":true}]}}